{"id":34,"date":"2023-11-01T22:58:29","date_gmt":"2023-11-02T01:58:29","guid":{"rendered":"https:\/\/mgturismopa.com.br\/?page_id=34"},"modified":"2023-12-10T20:38:37","modified_gmt":"2023-12-10T23:38:37","slug":"our-services","status":"publish","type":"page","link":"https:\/\/mgturismopa.com.br\/?page_id=34","title":{"rendered":"Our Services"},"content":{"rendered":"\t\t<div data-elementor-type=\"wp-page\" data-elementor-id=\"34\" class=\"elementor elementor-34\">\n\t\t\t\t<div class=\"elementor-element elementor-element-25a8cae7 e-flex e-con-boxed e-con e-parent\" data-id=\"25a8cae7\" data-element_type=\"container\" data-e-type=\"container\">\n\t\t\t\t\t<div class=\"e-con-inner\">\n\t\t<div class=\"elementor-element elementor-element-1163c694 e-con-full e-flex e-con e-child\" data-id=\"1163c694\" data-element_type=\"container\" data-e-type=\"container\">\n\t\t\t\t<div class=\"elementor-element elementor-element-37455a3 elementor-invisible elementor-widget elementor-widget-heading\" data-id=\"37455a3\" data-element_type=\"widget\" data-e-type=\"widget\" data-settings=\"{&quot;_animation&quot;:&quot;fadeIn&quot;}\" data-widget_type=\"heading.default\">\n\t\t\t\t<div class=\"elementor-widget-container\">\n\t\t\t\t\t<h1 class=\"elementor-heading-title elementor-size-default\">Nossos Servi\u00e7os<\/h1>\t\t\t\t<\/div>\n\t\t\t\t<\/div>\n\t\t\t\t<div class=\"elementor-element elementor-element-3b43db54 elementor-invisible elementor-widget elementor-widget-heading\" data-id=\"3b43db54\" data-element_type=\"widget\" data-e-type=\"widget\" data-settings=\"{&quot;_animation&quot;:&quot;fadeIn&quot;,&quot;_animation_delay&quot;:400}\" data-widget_type=\"heading.default\">\n\t\t\t\t<div class=\"elementor-widget-container\">\n\t\t\t\t\t<h2 class=\"elementor-heading-title elementor-size-default\">A MG oferece a voc\u00ea o mais completo e personalizado servi\u00e7o de transporte, sendo tur\u00edstico ou fretamento<\/h2>\t\t\t\t<\/div>\n\t\t\t\t<\/div>\n\t\t\t\t<\/div>\n\t\t<div class=\"elementor-element elementor-element-1fca85c4 e-con-full e-flex e-con e-child\" data-id=\"1fca85c4\" data-element_type=\"container\" data-e-type=\"container\" data-settings=\"{&quot;background_background&quot;:&quot;classic&quot;}\">\n\t\t\t\t<\/div>\n\t\t\t\t\t<\/div>\n\t\t\t\t<\/div>\n\t\t<div class=\"elementor-element elementor-element-4f8430b3 e-flex e-con-boxed e-con e-parent\" data-id=\"4f8430b3\" data-element_type=\"container\" data-e-type=\"container\">\n\t\t\t\t\t<div class=\"e-con-inner\">\n\t\t<div class=\"elementor-element elementor-element-66c691b4 e-con-full e-flex e-con e-child\" data-id=\"66c691b4\" data-element_type=\"container\" data-e-type=\"container\">\n\t\t<div class=\"elementor-element elementor-element-7cc173af e-con-full e-flex e-con e-child\" data-id=\"7cc173af\" data-element_type=\"container\" data-e-type=\"container\" data-settings=\"{&quot;background_background&quot;:&quot;slideshow&quot;,&quot;background_slideshow_gallery&quot;:[{&quot;id&quot;:234,&quot;url&quot;:&quot;http:\\\/\\\/mgturismopa.com.br\\\/wp-content\\\/uploads\\\/2023\\\/12\\\/0Y1A4375-copiar-scaled.jpg&quot;},{&quot;id&quot;:235,&quot;url&quot;:&quot;http:\\\/\\\/mgturismopa.com.br\\\/wp-content\\\/uploads\\\/2023\\\/12\\\/0Y1A4377-2-copiar-3-scaled.jpg&quot;},{&quot;id&quot;:237,&quot;url&quot;:&quot;http:\\\/\\\/mgturismopa.com.br\\\/wp-content\\\/uploads\\\/2023\\\/12\\\/0Y1A4437-copiar-scaled.jpg&quot;},{&quot;id&quot;:241,&quot;url&quot;:&quot;http:\\\/\\\/mgturismopa.com.br\\\/wp-content\\\/uploads\\\/2023\\\/12\\\/0Y1A4442-copiar-scaled.jpg&quot;},{&quot;id&quot;:239,&quot;url&quot;:&quot;http:\\\/\\\/mgturismopa.com.br\\\/wp-content\\\/uploads\\\/2023\\\/12\\\/0Y1A4439-copiar-scaled.jpg&quot;},{&quot;id&quot;:236,&quot;url&quot;:&quot;http:\\\/\\\/mgturismopa.com.br\\\/wp-content\\\/uploads\\\/2023\\\/12\\\/0Y1A4415-copiar-scaled.jpg&quot;},{&quot;id&quot;:175,&quot;url&quot;:&quot;http:\\\/\\\/mgturismopa.com.br\\\/wp-content\\\/uploads\\\/2023\\\/12\\\/Imagem-do-WhatsApp-de-2023-12-03-as-16.54.41_3c518403.jpg&quot;},{&quot;id&quot;:177,&quot;url&quot;:&quot;http:\\\/\\\/mgturismopa.com.br\\\/wp-content\\\/uploads\\\/2023\\\/12\\\/Imagem-do-WhatsApp-de-2023-12-04-as-21.58.48_5dd9abc9.jpg&quot;},{&quot;id&quot;:176,&quot;url&quot;:&quot;http:\\\/\\\/mgturismopa.com.br\\\/wp-content\\\/uploads\\\/2023\\\/12\\\/Imagem-do-WhatsApp-de-2023-12-03-as-16.54.44_29fec4ee.jpg&quot;}],&quot;background_slideshow_slide_transition&quot;:&quot;slide_left&quot;,&quot;background_slideshow_loop&quot;:&quot;yes&quot;,&quot;background_slideshow_slide_duration&quot;:5000,&quot;background_slideshow_transition_duration&quot;:500}\">\n\t\t\t\t<\/div>\n\t\t<div class=\"elementor-element elementor-element-591f9b37 e-con-full e-flex e-con e-child\" data-id=\"591f9b37\" data-element_type=\"container\" data-e-type=\"container\">\n\t\t\t\t<div class=\"elementor-element elementor-element-16fa52b6 elementor-widget elementor-widget-heading\" data-id=\"16fa52b6\" data-element_type=\"widget\" data-e-type=\"widget\" data-widget_type=\"heading.default\">\n\t\t\t\t<div class=\"elementor-widget-container\">\n\t\t\t\t\t<h2 class=\"elementor-heading-title elementor-size-default\">Fretamento e turismo \u00f4nibus<\/h2>\t\t\t\t<\/div>\n\t\t\t\t<\/div>\n\t\t\t\t<div class=\"elementor-element elementor-element-44dfc547 elementor-widget-divider--view-line elementor-widget elementor-widget-divider\" data-id=\"44dfc547\" data-element_type=\"widget\" data-e-type=\"widget\" data-widget_type=\"divider.default\">\n\t\t\t\t<div class=\"elementor-widget-container\">\n\t\t\t\t\t\t\t<div class=\"elementor-divider\">\n\t\t\t<span class=\"elementor-divider-separator\">\n\t\t\t\t\t\t<\/span>\n\t\t<\/div>\n\t\t\t\t\t\t<\/div>\n\t\t\t\t<\/div>\n\t\t\t\t<div class=\"elementor-element elementor-element-648c5f5d elementor-widget elementor-widget-text-editor\" data-id=\"648c5f5d\" data-element_type=\"widget\" data-e-type=\"widget\" data-widget_type=\"text-editor.default\">\n\t\t\t\t<div class=\"elementor-widget-container\">\n\t\t\t\t\t\t\t\t\t<p>Contamos com a mais confort\u00e1vel e segura frota de \u00f4nibus para atender qualquer demanda<\/p>\t\t\t\t\t\t\t\t<\/div>\n\t\t\t\t<\/div>\n\t\t\t\t<\/div>\n\t\t\t\t<\/div>\n\t\t<div class=\"elementor-element elementor-element-527f3161 e-con-full e-flex e-con e-child\" data-id=\"527f3161\" data-element_type=\"container\" data-e-type=\"container\">\n\t\t<div class=\"elementor-element elementor-element-3af31d1c e-con-full e-flex e-con e-child\" data-id=\"3af31d1c\" data-element_type=\"container\" data-e-type=\"container\" data-settings=\"{&quot;background_background&quot;:&quot;slideshow&quot;,&quot;background_slideshow_gallery&quot;:[{&quot;id&quot;:139,&quot;url&quot;:&quot;http:\\\/\\\/mgturismopa.com.br\\\/wp-content\\\/uploads\\\/2023\\\/12\\\/Servicos-01.jpg&quot;},{&quot;id&quot;:245,&quot;url&quot;:&quot;http:\\\/\\\/mgturismopa.com.br\\\/wp-content\\\/uploads\\\/2023\\\/12\\\/0Y1A4448-copiar-scaled.jpg&quot;},{&quot;id&quot;:244,&quot;url&quot;:&quot;http:\\\/\\\/mgturismopa.com.br\\\/wp-content\\\/uploads\\\/2023\\\/12\\\/0Y1A4370-copiar-scaled.jpg&quot;},{&quot;id&quot;:243,&quot;url&quot;:&quot;http:\\\/\\\/mgturismopa.com.br\\\/wp-content\\\/uploads\\\/2023\\\/12\\\/0Y1A4368-copiar-scaled.jpg&quot;},{&quot;id&quot;:162,&quot;url&quot;:&quot;http:\\\/\\\/mgturismopa.com.br\\\/wp-content\\\/uploads\\\/2023\\\/12\\\/V02.jpg&quot;},{&quot;id&quot;:163,&quot;url&quot;:&quot;http:\\\/\\\/mgturismopa.com.br\\\/wp-content\\\/uploads\\\/2023\\\/12\\\/V03.jpg&quot;},{&quot;id&quot;:158,&quot;url&quot;:&quot;http:\\\/\\\/mgturismopa.com.br\\\/wp-content\\\/uploads\\\/2023\\\/12\\\/Imagem-do-WhatsApp-de-2023-12-03-as-16.54.56_65d5111b.jpg&quot;},{&quot;id&quot;:154,&quot;url&quot;:&quot;http:\\\/\\\/mgturismopa.com.br\\\/wp-content\\\/uploads\\\/2023\\\/12\\\/Imagem-do-WhatsApp-de-2023-12-03-as-16.54.38_0b529aa4.jpg&quot;},{&quot;id&quot;:159,&quot;url&quot;:&quot;http:\\\/\\\/mgturismopa.com.br\\\/wp-content\\\/uploads\\\/2023\\\/12\\\/Imagem-do-WhatsApp-de-2023-12-03-as-16.54.56_87c46ea7.jpg&quot;},{&quot;id&quot;:164,&quot;url&quot;:&quot;http:\\\/\\\/mgturismopa.com.br\\\/wp-content\\\/uploads\\\/2023\\\/12\\\/V04.jpg&quot;},{&quot;id&quot;:153,&quot;url&quot;:&quot;http:\\\/\\\/mgturismopa.com.br\\\/wp-content\\\/uploads\\\/2023\\\/12\\\/Imagem-do-WhatsApp-de-2023-12-03-as-16.54.36_b3271ea5.jpg&quot;},{&quot;id&quot;:152,&quot;url&quot;:&quot;http:\\\/\\\/mgturismopa.com.br\\\/wp-content\\\/uploads\\\/2023\\\/12\\\/Imagem-do-WhatsApp-de-2023-12-03-as-16.54.36_632eff71.jpg&quot;},{&quot;id&quot;:155,&quot;url&quot;:&quot;http:\\\/\\\/mgturismopa.com.br\\\/wp-content\\\/uploads\\\/2023\\\/12\\\/Imagem-do-WhatsApp-de-2023-12-03-as-16.54.38_7b7364dc.jpg&quot;},{&quot;id&quot;:156,&quot;url&quot;:&quot;http:\\\/\\\/mgturismopa.com.br\\\/wp-content\\\/uploads\\\/2023\\\/12\\\/Imagem-do-WhatsApp-de-2023-12-03-as-16.54.41_de81cce3.jpg&quot;},{&quot;id&quot;:157,&quot;url&quot;:&quot;http:\\\/\\\/mgturismopa.com.br\\\/wp-content\\\/uploads\\\/2023\\\/12\\\/Imagem-do-WhatsApp-de-2023-12-03-as-16.54.54_b902a045.jpg&quot;}],&quot;background_slideshow_slide_transition&quot;:&quot;slide_left&quot;,&quot;background_slideshow_loop&quot;:&quot;yes&quot;,&quot;background_slideshow_slide_duration&quot;:5000,&quot;background_slideshow_transition_duration&quot;:500}\">\n\t\t\t\t<\/div>\n\t\t<div class=\"elementor-element elementor-element-2793d952 e-con-full e-flex e-con e-child\" data-id=\"2793d952\" data-element_type=\"container\" data-e-type=\"container\">\n\t\t\t\t<div class=\"elementor-element elementor-element-70b46773 elementor-widget elementor-widget-heading\" data-id=\"70b46773\" data-element_type=\"widget\" data-e-type=\"widget\" data-widget_type=\"heading.default\">\n\t\t\t\t<div class=\"elementor-widget-container\">\n\t\t\t\t\t<h2 class=\"elementor-heading-title elementor-size-default\">Fretamento e turismo Vans<\/h2>\t\t\t\t<\/div>\n\t\t\t\t<\/div>\n\t\t\t\t<div class=\"elementor-element elementor-element-342d3419 elementor-widget-divider--view-line elementor-widget elementor-widget-divider\" data-id=\"342d3419\" data-element_type=\"widget\" data-e-type=\"widget\" data-widget_type=\"divider.default\">\n\t\t\t\t<div class=\"elementor-widget-container\">\n\t\t\t\t\t\t\t<div class=\"elementor-divider\">\n\t\t\t<span class=\"elementor-divider-separator\">\n\t\t\t\t\t\t<\/span>\n\t\t<\/div>\n\t\t\t\t\t\t<\/div>\n\t\t\t\t<\/div>\n\t\t\t\t<div class=\"elementor-element elementor-element-58ece96a elementor-widget elementor-widget-text-editor\" data-id=\"58ece96a\" data-element_type=\"widget\" data-e-type=\"widget\" data-widget_type=\"text-editor.default\">\n\t\t\t\t<div class=\"elementor-widget-container\">\n\t\t\t\t\t\t\t\t\t<p>Com um servi\u00e7o mais personalizado, contamos com vans que deixam a experi\u00eancia do transporte ainda melhor, equipadas com Smart TV&#8217;s com acesso a servi\u00e7os de streaming, acesso a rede Wifi e contando com o mais completo conforto e seguran\u00e7a<\/p>\t\t\t\t\t\t\t\t<\/div>\n\t\t\t\t<\/div>\n\t\t\t\t<\/div>\n\t\t\t\t<\/div>\n\t\t<div class=\"elementor-element elementor-element-411c840f e-con-full e-flex e-con e-child\" data-id=\"411c840f\" data-element_type=\"container\" data-e-type=\"container\">\n\t\t<div class=\"elementor-element elementor-element-4458bf94 e-con-full e-flex e-con e-child\" data-id=\"4458bf94\" data-element_type=\"container\" data-e-type=\"container\" data-settings=\"{&quot;background_background&quot;:&quot;slideshow&quot;,&quot;background_slideshow_gallery&quot;:[{&quot;id&quot;:148,&quot;url&quot;:&quot;http:\\\/\\\/mgturismopa.com.br\\\/wp-content\\\/uploads\\\/2023\\\/12\\\/Servicos-03.jpg&quot;},{&quot;id&quot;:165,&quot;url&quot;:&quot;http:\\\/\\\/mgturismopa.com.br\\\/wp-content\\\/uploads\\\/2023\\\/12\\\/C01.jpg&quot;},{&quot;id&quot;:166,&quot;url&quot;:&quot;http:\\\/\\\/mgturismopa.com.br\\\/wp-content\\\/uploads\\\/2023\\\/12\\\/C02.jpg&quot;},{&quot;id&quot;:167,&quot;url&quot;:&quot;http:\\\/\\\/mgturismopa.com.br\\\/wp-content\\\/uploads\\\/2023\\\/12\\\/C03.jpg&quot;},{&quot;id&quot;:168,&quot;url&quot;:&quot;http:\\\/\\\/mgturismopa.com.br\\\/wp-content\\\/uploads\\\/2023\\\/12\\\/C05.jpg&quot;},{&quot;id&quot;:169,&quot;url&quot;:&quot;http:\\\/\\\/mgturismopa.com.br\\\/wp-content\\\/uploads\\\/2023\\\/12\\\/C06.jpg&quot;},{&quot;id&quot;:170,&quot;url&quot;:&quot;http:\\\/\\\/mgturismopa.com.br\\\/wp-content\\\/uploads\\\/2023\\\/12\\\/C07.jpg&quot;},{&quot;id&quot;:171,&quot;url&quot;:&quot;http:\\\/\\\/mgturismopa.com.br\\\/wp-content\\\/uploads\\\/2023\\\/12\\\/C08.jpg&quot;},{&quot;id&quot;:172,&quot;url&quot;:&quot;http:\\\/\\\/mgturismopa.com.br\\\/wp-content\\\/uploads\\\/2023\\\/12\\\/C09.jpg&quot;},{&quot;id&quot;:173,&quot;url&quot;:&quot;http:\\\/\\\/mgturismopa.com.br\\\/wp-content\\\/uploads\\\/2023\\\/12\\\/C10.jpg&quot;}],&quot;background_slideshow_slide_transition&quot;:&quot;slide_left&quot;,&quot;background_slideshow_loop&quot;:&quot;yes&quot;,&quot;background_slideshow_slide_duration&quot;:5000,&quot;background_slideshow_transition_duration&quot;:500}\">\n\t\t\t\t<\/div>\n\t\t<div class=\"elementor-element elementor-element-33f0dbf4 e-con-full e-flex e-con e-child\" data-id=\"33f0dbf4\" data-element_type=\"container\" data-e-type=\"container\">\n\t\t\t\t<div class=\"elementor-element elementor-element-3d6593dd elementor-widget elementor-widget-heading\" data-id=\"3d6593dd\" data-element_type=\"widget\" data-e-type=\"widget\" data-widget_type=\"heading.default\">\n\t\t\t\t<div class=\"elementor-widget-container\">\n\t\t\t\t\t<h2 class=\"elementor-heading-title elementor-size-default\">Fretamento de ve\u00edculos Executivos\/Luxo<\/h2>\t\t\t\t<\/div>\n\t\t\t\t<\/div>\n\t\t\t\t<div class=\"elementor-element elementor-element-3b953169 elementor-widget-divider--view-line elementor-widget elementor-widget-divider\" data-id=\"3b953169\" data-element_type=\"widget\" data-e-type=\"widget\" data-widget_type=\"divider.default\">\n\t\t\t\t<div class=\"elementor-widget-container\">\n\t\t\t\t\t\t\t<div class=\"elementor-divider\">\n\t\t\t<span class=\"elementor-divider-separator\">\n\t\t\t\t\t\t<\/span>\n\t\t<\/div>\n\t\t\t\t\t\t<\/div>\n\t\t\t\t<\/div>\n\t\t\t\t<div class=\"elementor-element elementor-element-4490ed98 elementor-widget elementor-widget-text-editor\" data-id=\"4490ed98\" data-element_type=\"widget\" data-e-type=\"widget\" data-widget_type=\"text-editor.default\">\n\t\t\t\t<div class=\"elementor-widget-container\">\n\t\t\t\t\t\t\t\t\t<p>Se sua demanda exige mais exclusividade, conforto, classe e eleg\u00e2ncia. Contamos com os carros mais bem avaliados do mercado para atender sua necessidade<\/p>\t\t\t\t\t\t\t\t<\/div>\n\t\t\t\t<\/div>\n\t\t\t\t<\/div>\n\t\t\t\t<\/div>\n\t\t\t\t\t<\/div>\n\t\t\t\t<\/div>\n\t\t<div class=\"elementor-element elementor-element-72365be8 e-flex e-con-boxed e-con e-parent\" data-id=\"72365be8\" data-element_type=\"container\" data-e-type=\"container\">\n\t\t\t\t\t<div class=\"e-con-inner\">\n\t\t<div class=\"elementor-element elementor-element-2e8b6a95 e-con-full e-flex e-con e-child\" data-id=\"2e8b6a95\" data-element_type=\"container\" data-e-type=\"container\">\n\t\t\t\t<div class=\"elementor-element elementor-element-5f8f5ed9 elementor-widget elementor-widget-heading\" data-id=\"5f8f5ed9\" data-element_type=\"widget\" data-e-type=\"widget\" data-widget_type=\"heading.default\">\n\t\t\t\t<div class=\"elementor-widget-container\">\n\t\t\t\t\t<h6 class=\"elementor-heading-title elementor-size-default\">NOSSA MISS\u00c3O E META<\/h6>\t\t\t\t<\/div>\n\t\t\t\t<\/div>\n\t\t\t\t<div class=\"elementor-element elementor-element-5731af1d elementor-widget elementor-widget-heading\" data-id=\"5731af1d\" data-element_type=\"widget\" data-e-type=\"widget\" data-widget_type=\"heading.default\">\n\t\t\t\t<div class=\"elementor-widget-container\">\n\t\t\t\t\t<h2 class=\"elementor-heading-title elementor-size-default\">A sua experi\u00eancia conta muito<\/h2>\t\t\t\t<\/div>\n\t\t\t\t<\/div>\n\t\t\t\t<div class=\"elementor-element elementor-element-5a5cd79a elementor-widget__width-initial elementor-widget-mobile__width-inherit elementor-widget elementor-widget-text-editor\" data-id=\"5a5cd79a\" data-element_type=\"widget\" data-e-type=\"widget\" data-widget_type=\"text-editor.default\">\n\t\t\t\t<div class=\"elementor-widget-container\">\n\t\t\t\t\t\t\t\t\t<p>Nesses quase 20 anos de mercado, buscamos sempre olhar nossas demandas com sensibilidade e respeito, buscando entender nossos clientes e fazer parte da sua experi\u00eancia.<\/p><p>Venha solicitar seus servi\u00e7os com a gente!<\/p>\t\t\t\t\t\t\t\t<\/div>\n\t\t\t\t<\/div>\n\t\t\t\t<div class=\"elementor-element elementor-element-4ad17274 elementor-tablet-align-center elementor-invisible elementor-widget elementor-widget-button\" data-id=\"4ad17274\" data-element_type=\"widget\" data-e-type=\"widget\" data-settings=\"{&quot;_animation&quot;:&quot;fadeIn&quot;}\" data-widget_type=\"button.default\">\n\t\t\t\t<div class=\"elementor-widget-container\">\n\t\t\t\t\t\t\t\t\t<div class=\"elementor-button-wrapper\">\n\t\t\t\t\t<a class=\"elementor-button elementor-size-sm\" role=\"button\">\n\t\t\t\t\t\t<span class=\"elementor-button-content-wrapper\">\n\t\t\t\t\t\t\t\t\t<span class=\"elementor-button-text\">Contato<\/span>\n\t\t\t\t\t<\/span>\n\t\t\t\t\t<\/a>\n\t\t\t\t<\/div>\n\t\t\t\t\t\t\t\t<\/div>\n\t\t\t\t<\/div>\n\t\t\t\t<\/div>\n\t\t<div class=\"elementor-element elementor-element-14433871 e-con-full e-flex e-con e-child\" data-id=\"14433871\" data-element_type=\"container\" data-e-type=\"container\" data-settings=\"{&quot;background_background&quot;:&quot;classic&quot;}\">\n\t\t\t\t<div class=\"elementor-element elementor-element-3f7925dc elementor-widget__width-initial elementor-widget elementor-widget-image\" data-id=\"3f7925dc\" data-element_type=\"widget\" data-e-type=\"widget\" data-widget_type=\"image.default\">\n\t\t\t\t<div class=\"elementor-widget-container\">\n\t\t\t\t\t\t\t\t\t\t\t\t\t\t\t<img fetchpriority=\"high\" decoding=\"async\" width=\"2560\" height=\"1463\" src=\"https:\/\/mgturismopa.com.br\/wp-content\/uploads\/2023\/12\/empresario-segurando-bagagem-esperando-a-chegada-do-aeroporto-gerada-por-ia-scaled.jpg\" class=\"attachment-full size-full wp-image-183\" alt=\"\" srcset=\"https:\/\/mgturismopa.com.br\/wp-content\/uploads\/2023\/12\/empresario-segurando-bagagem-esperando-a-chegada-do-aeroporto-gerada-por-ia-scaled.jpg 2560w, https:\/\/mgturismopa.com.br\/wp-content\/uploads\/2023\/12\/empresario-segurando-bagagem-esperando-a-chegada-do-aeroporto-gerada-por-ia-300x171.jpg 300w, https:\/\/mgturismopa.com.br\/wp-content\/uploads\/2023\/12\/empresario-segurando-bagagem-esperando-a-chegada-do-aeroporto-gerada-por-ia-1024x585.jpg 1024w, https:\/\/mgturismopa.com.br\/wp-content\/uploads\/2023\/12\/empresario-segurando-bagagem-esperando-a-chegada-do-aeroporto-gerada-por-ia-768x439.jpg 768w, https:\/\/mgturismopa.com.br\/wp-content\/uploads\/2023\/12\/empresario-segurando-bagagem-esperando-a-chegada-do-aeroporto-gerada-por-ia-1536x878.jpg 1536w, https:\/\/mgturismopa.com.br\/wp-content\/uploads\/2023\/12\/empresario-segurando-bagagem-esperando-a-chegada-do-aeroporto-gerada-por-ia-2048x1170.jpg 2048w\" sizes=\"(max-width: 2560px) 100vw, 2560px\" \/>\t\t\t\t\t\t\t\t\t\t\t\t\t\t\t<\/div>\n\t\t\t\t<\/div>\n\t\t\t\t<div class=\"elementor-element elementor-element-5fef894 elementor-widget elementor-widget-image\" data-id=\"5fef894\" data-element_type=\"widget\" data-e-type=\"widget\" data-widget_type=\"image.default\">\n\t\t\t\t<div class=\"elementor-widget-container\">\n\t\t\t\t\t\t\t\t\t\t\t\t\t\t\t<img decoding=\"async\" width=\"1707\" height=\"2560\" src=\"https:\/\/mgturismopa.com.br\/wp-content\/uploads\/2023\/12\/jovem-adulto-viajando-no-inverno-scaled.jpg\" class=\"attachment-full size-full wp-image-185\" alt=\"\" srcset=\"https:\/\/mgturismopa.com.br\/wp-content\/uploads\/2023\/12\/jovem-adulto-viajando-no-inverno-scaled.jpg 1707w, https:\/\/mgturismopa.com.br\/wp-content\/uploads\/2023\/12\/jovem-adulto-viajando-no-inverno-200x300.jpg 200w, https:\/\/mgturismopa.com.br\/wp-content\/uploads\/2023\/12\/jovem-adulto-viajando-no-inverno-683x1024.jpg 683w, https:\/\/mgturismopa.com.br\/wp-content\/uploads\/2023\/12\/jovem-adulto-viajando-no-inverno-768x1152.jpg 768w, https:\/\/mgturismopa.com.br\/wp-content\/uploads\/2023\/12\/jovem-adulto-viajando-no-inverno-1024x1536.jpg 1024w, https:\/\/mgturismopa.com.br\/wp-content\/uploads\/2023\/12\/jovem-adulto-viajando-no-inverno-1365x2048.jpg 1365w\" sizes=\"(max-width: 1707px) 100vw, 1707px\" \/>\t\t\t\t\t\t\t\t\t\t\t\t\t\t\t<\/div>\n\t\t\t\t<\/div>\n\t\t\t\t<\/div>\n\t\t\t\t\t<\/div>\n\t\t\t\t<\/div>\n\t\t<div class=\"elementor-element elementor-element-190f0d8e e-flex e-con-boxed e-con e-parent\" data-id=\"190f0d8e\" data-element_type=\"container\" data-e-type=\"container\">\n\t\t\t\t\t<div class=\"e-con-inner\">\n\t\t\t\t<div class=\"elementor-element elementor-element-5ddf41ff elementor-widget elementor-widget-heading\" data-id=\"5ddf41ff\" data-element_type=\"widget\" data-e-type=\"widget\" data-widget_type=\"heading.default\">\n\t\t\t\t<div class=\"elementor-widget-container\">\n\t\t\t\t\t<h2 class=\"elementor-heading-title elementor-size-default\">FAQ<\/h2>\t\t\t\t<\/div>\n\t\t\t\t<\/div>\n\t\t<div class=\"elementor-element elementor-element-292de1f e-con-full e-flex e-con e-child\" data-id=\"292de1f\" data-element_type=\"container\" data-e-type=\"container\">\n\t\t\t\t<div class=\"elementor-element elementor-element-2510ec41 elementor-widget__width-initial elementor-widget-tablet__width-inherit elementor-widget elementor-widget-toggle\" data-id=\"2510ec41\" data-element_type=\"widget\" data-e-type=\"widget\" data-widget_type=\"toggle.default\">\n\t\t\t\t<div class=\"elementor-widget-container\">\n\t\t\t\t\t\t\t<div class=\"elementor-toggle\">\n\t\t\t\t\t\t\t<div class=\"elementor-toggle-item\">\n\t\t\t\t\t<h4 id=\"elementor-tab-title-6211\" class=\"elementor-tab-title\" data-tab=\"1\" role=\"button\" aria-controls=\"elementor-tab-content-6211\" aria-expanded=\"false\">\n\t\t\t\t\t\t\t\t\t\t\t\t<a class=\"elementor-toggle-title\" tabindex=\"0\">Como funciona o agendamento do servi\u00e7o?<\/a>\n\t\t\t\t\t<\/h4>\n\n\t\t\t\t\t<div id=\"elementor-tab-content-6211\" class=\"elementor-tab-content elementor-clearfix\" data-tab=\"1\" role=\"region\" aria-labelledby=\"elementor-tab-title-6211\"><p>A partir do contato inicial, enviaremos o or\u00e7amento descrevendo o servi\u00e7o e nossos m\u00e9todos de pagamento. Para efetuar o agendamento, ser\u00e1 necess\u00e1rio o pagamento do sinal.<\/p><\/div>\n\t\t\t\t<\/div>\n\t\t\t\t\t\t\t<div class=\"elementor-toggle-item\">\n\t\t\t\t\t<h4 id=\"elementor-tab-title-6212\" class=\"elementor-tab-title\" data-tab=\"2\" role=\"button\" aria-controls=\"elementor-tab-content-6212\" aria-expanded=\"false\">\n\t\t\t\t\t\t\t\t\t\t\t\t<a class=\"elementor-toggle-title\" tabindex=\"0\">Posso fretar mais de um ve\u00edculo para meu servi\u00e7o?<\/a>\n\t\t\t\t\t<\/h4>\n\n\t\t\t\t\t<div id=\"elementor-tab-content-6212\" class=\"elementor-tab-content elementor-clearfix\" data-tab=\"2\" role=\"region\" aria-labelledby=\"elementor-tab-title-6212\"><p>Pode. nossa frota est\u00e1 dispon\u00edvel para atender a sua necessidade<\/p><\/div>\n\t\t\t\t<\/div>\n\t\t\t\t\t\t\t<div class=\"elementor-toggle-item\">\n\t\t\t\t\t<h4 id=\"elementor-tab-title-6213\" class=\"elementor-tab-title\" data-tab=\"3\" role=\"button\" aria-controls=\"elementor-tab-content-6213\" aria-expanded=\"false\">\n\t\t\t\t\t\t\t\t\t\t\t\t<a class=\"elementor-toggle-title\" tabindex=\"0\">Quais as formas de pagamento?<\/a>\n\t\t\t\t\t<\/h4>\n\n\t\t\t\t\t<div id=\"elementor-tab-content-6213\" class=\"elementor-tab-content elementor-clearfix\" data-tab=\"3\" role=\"region\" aria-labelledby=\"elementor-tab-title-6213\"><p>Aceitamos PIX, cart\u00f5es de cr\u00e9dito e d\u00e9bito e pagamento em dinheiro<\/p><\/div>\n\t\t\t\t<\/div>\n\t\t\t\t\t\t\t\t<\/div>\n\t\t\t\t\t\t<\/div>\n\t\t\t\t<\/div>\n\t\t\t\t<\/div>\n\t\t\t\t\t<\/div>\n\t\t\t\t<\/div>\n\t\t<div class=\"elementor-element elementor-element-c6649ee e-flex e-con-boxed e-con e-parent\" data-id=\"c6649ee\" data-element_type=\"container\" data-e-type=\"container\">\n\t\t\t\t\t<div class=\"e-con-inner\">\n\t\t\t\t<div class=\"elementor-element elementor-element-3d9d837 elementor-widget elementor-widget-spacer\" data-id=\"3d9d837\" data-element_type=\"widget\" data-e-type=\"widget\" data-widget_type=\"spacer.default\">\n\t\t\t\t<div class=\"elementor-widget-container\">\n\t\t\t\t\t\t\t<div class=\"elementor-spacer\">\n\t\t\t<div class=\"elementor-spacer-inner\"><\/div>\n\t\t<\/div>\n\t\t\t\t\t\t<\/div>\n\t\t\t\t<\/div>\n\t\t\t\t\t<\/div>\n\t\t\t\t<\/div>\n\t\t\t\t<\/div>\n\t\t","protected":false},"excerpt":{"rendered":"<p>Nossos Servi\u00e7os A MG oferece a voc\u00ea o mais completo e personalizado servi\u00e7o de transporte, sendo tur\u00edstico ou fretamento Fretamento e turismo \u00f4nibus Contamos com a mais confort\u00e1vel e segura frota de \u00f4nibus para atender qualquer demanda Fretamento e turismo Vans Com um servi\u00e7o mais personalizado, contamos com vans que deixam a experi\u00eancia do transporte [&hellip;]<\/p>\n","protected":false},"author":1,"featured_media":0,"parent":0,"menu_order":0,"comment_status":"closed","ping_status":"closed","template":"elementor_header_footer","meta":{"om_disable_all_campaigns":false,"_monsterinsights_skip_tracking":false,"_monsterinsights_sitenote_active":false,"_monsterinsights_sitenote_note":"","_monsterinsights_sitenote_category":0,"footnotes":""},"class_list":["post-34","page","type-page","status-publish","hentry"],"aioseo_notices":[],"_links":{"self":[{"href":"https:\/\/mgturismopa.com.br\/index.php?rest_route=\/wp\/v2\/pages\/34","targetHints":{"allow":["GET"]}}],"collection":[{"href":"https:\/\/mgturismopa.com.br\/index.php?rest_route=\/wp\/v2\/pages"}],"about":[{"href":"https:\/\/mgturismopa.com.br\/index.php?rest_route=\/wp\/v2\/types\/page"}],"author":[{"embeddable":true,"href":"https:\/\/mgturismopa.com.br\/index.php?rest_route=\/wp\/v2\/users\/1"}],"replies":[{"embeddable":true,"href":"https:\/\/mgturismopa.com.br\/index.php?rest_route=%2Fwp%2Fv2%2Fcomments&post=34"}],"version-history":[{"count":13,"href":"https:\/\/mgturismopa.com.br\/index.php?rest_route=\/wp\/v2\/pages\/34\/revisions"}],"predecessor-version":[{"id":252,"href":"https:\/\/mgturismopa.com.br\/index.php?rest_route=\/wp\/v2\/pages\/34\/revisions\/252"}],"wp:attachment":[{"href":"https:\/\/mgturismopa.com.br\/index.php?rest_route=%2Fwp%2Fv2%2Fmedia&parent=34"}],"curies":[{"name":"wp","href":"https:\/\/api.w.org\/{rel}","templated":true}]}}