{"id":43,"date":"2023-11-01T22:58:36","date_gmt":"2023-11-02T01:58:36","guid":{"rendered":"https:\/\/mgturismopa.com.br\/?page_id=43"},"modified":"2023-12-04T23:23:14","modified_gmt":"2023-12-05T02:23:14","slug":"our-story","status":"publish","type":"page","link":"https:\/\/mgturismopa.com.br\/?page_id=43","title":{"rendered":"Our Story"},"content":{"rendered":"\t\t<div data-elementor-type=\"wp-page\" data-elementor-id=\"43\" class=\"elementor elementor-43\">\n\t\t\t\t<div class=\"elementor-element elementor-element-47a8853c e-con-full e-flex e-con e-parent\" data-id=\"47a8853c\" data-element_type=\"container\" data-e-type=\"container\">\n\t\t<div class=\"elementor-element elementor-element-17565af1 e-con-full e-flex e-con e-child\" data-id=\"17565af1\" data-element_type=\"container\" data-e-type=\"container\" data-settings=\"{&quot;background_background&quot;:&quot;classic&quot;}\">\n\t\t\t\t<\/div>\n\t\t<div class=\"elementor-element elementor-element-8734fb e-con-full e-flex e-con e-child\" data-id=\"8734fb\" data-element_type=\"container\" data-e-type=\"container\">\n\t\t\t\t<div class=\"elementor-element elementor-element-12836e92 elementor-widget elementor-widget-heading\" data-id=\"12836e92\" data-element_type=\"widget\" data-e-type=\"widget\" data-widget_type=\"heading.default\">\n\t\t\t\t<div class=\"elementor-widget-container\">\n\t\t\t\t\t<h6 class=\"elementor-heading-title elementor-size-default\">UM POUCO SOBRE<\/h6>\t\t\t\t<\/div>\n\t\t\t\t<\/div>\n\t\t\t\t<div class=\"elementor-element elementor-element-3fd0410 elementor-widget elementor-widget-heading\" data-id=\"3fd0410\" data-element_type=\"widget\" data-e-type=\"widget\" data-widget_type=\"heading.default\">\n\t\t\t\t<div class=\"elementor-widget-container\">\n\t\t\t\t\t<h1 class=\"elementor-heading-title elementor-size-default\">NOSSA HIST\u00d3RIA<\/h1>\t\t\t\t<\/div>\n\t\t\t\t<\/div>\n\t\t\t\t<div class=\"elementor-element elementor-element-662ba29b elementor-invisible elementor-widget elementor-widget-text-editor\" data-id=\"662ba29b\" data-element_type=\"widget\" data-e-type=\"widget\" data-settings=\"{&quot;_animation&quot;:&quot;fadeIn&quot;,&quot;_animation_delay&quot;:400}\" data-widget_type=\"text-editor.default\">\n\t\t\t\t<div class=\"elementor-widget-container\">\n\t\t\t\t\t\t\t\t\t<p>A hist\u00f3ria de nossa empresa come\u00e7ou em 2005, quando a empresa foi fundada por um empreendedor vision\u00e1rio chamado Gil Cordeiro e sua esposa M\u00e1rcia Cordeiro. Inicialmente, a empresa se chamava MG Transporte e atuava no ramo de transporte escolar na cidade de Bel\u00e9m, proporcionando um servi\u00e7o confi\u00e1vel e seguro para os estudantes.<\/p><p>No primeiro ano de opera\u00e7\u00e3o, a MG Turismo Par\u00e1 ganhou a confian\u00e7a da comunidade local, construindo uma reputa\u00e7\u00e3o s\u00f3lida pela pontualidade e comprometimento com a seguran\u00e7a dos passageiros. Esses valores fundamentais seriam a base para o crescimento futuro da empresa.<\/p><p>Em 2006, percebendo o potencial de expans\u00e3o e as oportunidades no setor de turismo, Gil Cordeiro, decidiu diversificar os servi\u00e7os oferecidos pela MG Turismo Par\u00e1. A empresa de transporte escolar deu lugar a uma Empresa de turismo completa, oferecendo pacotes de fretamento e turismo para destinos locais. Essa transi\u00e7\u00e3o foi um passo corajoso, mas estrat\u00e9gico, que permitiu \u00e0 MG Turismo atender a uma gama mais ampla de clientes.<\/p><p>Com a entrada no setor de turismo, a MG Turismo Par\u00e1 investiu em frota pr\u00f3pria, adquirindo \u00f4nibus confort\u00e1vel, van espa\u00e7osa e contando com carros executivos de luxo para atender \u00e0s diversas necessidades dos clientes. A empresa priorizou a seguran\u00e7a e o conforto dos passageiros em todas as viagens.<\/p><p>Ao longo dos anos, a MG Turismo Par\u00e1 expandiu sua oferta de pacotes tur\u00edsticos, colaborando com hot\u00e9is, ag\u00eancias de viagens, empresas de diversos setores e atra\u00e7\u00f5es locais para proporcionar experi\u00eancias inesquec\u00edveis aos seus clientes.<\/p><p>Atualmente, a MG Turismo Par\u00e1 \u00e9 reconhecida no mercado local e busca a expans\u00e3o para novos horizontes, destacando-se pela qualidade de seus servi\u00e7os, atendimento ao cliente excepcional e compromisso com a excel\u00eancia. A frota diversificada, composta por \u00f4nibus, vans e carros executivos, permite que a empresa atenda a uma variedade de grupos e necessidades de viagem.<\/p><p>A hist\u00f3ria da MG Turismo Par\u00e1 \u00e9 um exemplo inspirador de como a vis\u00e3o empreendedora, a adapta\u00e7\u00e3o \u00e0s mudan\u00e7as do mercado e o comprometimento com a qualidade podem transformar uma pequena empresa de transporte escolar em uma empresa de turismo de sucesso.<\/p>\t\t\t\t\t\t\t\t<\/div>\n\t\t\t\t<\/div>\n\t\t\t\t<\/div>\n\t\t\t\t<\/div>\n\t\t<div class=\"elementor-element elementor-element-243b162b e-con-full e-flex e-con e-parent\" data-id=\"243b162b\" data-element_type=\"container\" data-e-type=\"container\">\n\t\t<div class=\"elementor-element elementor-element-46fd6c19 e-con-full e-flex e-con e-child\" data-id=\"46fd6c19\" data-element_type=\"container\" data-e-type=\"container\">\n\t\t\t\t<div class=\"elementor-element elementor-element-642346c5 elementor-widget elementor-widget-heading\" data-id=\"642346c5\" data-element_type=\"widget\" data-e-type=\"widget\" data-widget_type=\"heading.default\">\n\t\t\t\t<div class=\"elementor-widget-container\">\n\t\t\t\t\t<h2 class=\"elementor-heading-title elementor-size-default\">Nossa Miss\u00e3o<\/h2>\t\t\t\t<\/div>\n\t\t\t\t<\/div>\n\t\t\t\t<div class=\"elementor-element elementor-element-14575f6a elementor-widget__width-initial elementor-widget-mobile__width-inherit elementor-widget elementor-widget-text-editor\" data-id=\"14575f6a\" data-element_type=\"widget\" data-e-type=\"widget\" data-widget_type=\"text-editor.default\">\n\t\t\t\t<div class=\"elementor-widget-container\">\n\t\t\t\t\t\t\t\t\t<p>Entregar a melhor experi\u00eancia com o melhor custo-benef\u00edcio do mercado, contando com o m\u00e1ximo de conforto e seguran\u00e7a.<\/p>\t\t\t\t\t\t\t\t<\/div>\n\t\t\t\t<\/div>\n\t\t\t\t<\/div>\n\t\t\t\t<div class=\"elementor-element elementor-element-1105a178 elementor-widget__width-initial elementor-widget elementor-widget-image\" data-id=\"1105a178\" data-element_type=\"widget\" data-e-type=\"widget\" data-widget_type=\"image.default\">\n\t\t\t\t<div class=\"elementor-widget-container\">\n\t\t\t\t\t\t\t\t\t\t\t\t\t\t\t<img fetchpriority=\"high\" decoding=\"async\" width=\"2560\" height=\"1708\" src=\"https:\/\/mgturismopa.com.br\/wp-content\/uploads\/2023\/12\/as-cameras-sao-os-melhores-companheiros-de-viagem-foto-de-uma-jovem-atraente-tirando-fotos-com-uma-camera-enquanto-explora-em-uma-cidade-estrangeira-scaled.jpg\" class=\"attachment-full size-full wp-image-189\" alt=\"\" srcset=\"https:\/\/mgturismopa.com.br\/wp-content\/uploads\/2023\/12\/as-cameras-sao-os-melhores-companheiros-de-viagem-foto-de-uma-jovem-atraente-tirando-fotos-com-uma-camera-enquanto-explora-em-uma-cidade-estrangeira-scaled.jpg 2560w, https:\/\/mgturismopa.com.br\/wp-content\/uploads\/2023\/12\/as-cameras-sao-os-melhores-companheiros-de-viagem-foto-de-uma-jovem-atraente-tirando-fotos-com-uma-camera-enquanto-explora-em-uma-cidade-estrangeira-300x200.jpg 300w, https:\/\/mgturismopa.com.br\/wp-content\/uploads\/2023\/12\/as-cameras-sao-os-melhores-companheiros-de-viagem-foto-de-uma-jovem-atraente-tirando-fotos-com-uma-camera-enquanto-explora-em-uma-cidade-estrangeira-1024x683.jpg 1024w, https:\/\/mgturismopa.com.br\/wp-content\/uploads\/2023\/12\/as-cameras-sao-os-melhores-companheiros-de-viagem-foto-de-uma-jovem-atraente-tirando-fotos-com-uma-camera-enquanto-explora-em-uma-cidade-estrangeira-768x513.jpg 768w, https:\/\/mgturismopa.com.br\/wp-content\/uploads\/2023\/12\/as-cameras-sao-os-melhores-companheiros-de-viagem-foto-de-uma-jovem-atraente-tirando-fotos-com-uma-camera-enquanto-explora-em-uma-cidade-estrangeira-1536x1025.jpg 1536w, https:\/\/mgturismopa.com.br\/wp-content\/uploads\/2023\/12\/as-cameras-sao-os-melhores-companheiros-de-viagem-foto-de-uma-jovem-atraente-tirando-fotos-com-uma-camera-enquanto-explora-em-uma-cidade-estrangeira-2048x1367.jpg 2048w\" sizes=\"(max-width: 2560px) 100vw, 2560px\" \/>\t\t\t\t\t\t\t\t\t\t\t\t\t\t\t<\/div>\n\t\t\t\t<\/div>\n\t\t\t\t<\/div>\n\t\t<div class=\"elementor-element elementor-element-40e32bb e-flex e-con-boxed e-con e-parent\" data-id=\"40e32bb\" data-element_type=\"container\" data-e-type=\"container\">\n\t\t\t\t\t<div class=\"e-con-inner\">\n\t\t\t\t<div class=\"elementor-element elementor-element-dc45376 elementor-widget elementor-widget-spacer\" data-id=\"dc45376\" data-element_type=\"widget\" data-e-type=\"widget\" data-widget_type=\"spacer.default\">\n\t\t\t\t<div class=\"elementor-widget-container\">\n\t\t\t\t\t\t\t<div class=\"elementor-spacer\">\n\t\t\t<div class=\"elementor-spacer-inner\"><\/div>\n\t\t<\/div>\n\t\t\t\t\t\t<\/div>\n\t\t\t\t<\/div>\n\t\t\t\t\t<\/div>\n\t\t\t\t<\/div>\n\t\t\t\t<\/div>\n\t\t","protected":false},"excerpt":{"rendered":"<p>UM POUCO SOBRE NOSSA HIST\u00d3RIA A hist\u00f3ria de nossa empresa come\u00e7ou em 2005, quando a empresa foi fundada por um empreendedor vision\u00e1rio chamado Gil Cordeiro e sua esposa M\u00e1rcia Cordeiro. Inicialmente, a empresa se chamava MG Transporte e atuava no ramo de transporte escolar na cidade de Bel\u00e9m, proporcionando um servi\u00e7o confi\u00e1vel e seguro para [&hellip;]<\/p>\n","protected":false},"author":1,"featured_media":0,"parent":0,"menu_order":0,"comment_status":"closed","ping_status":"closed","template":"elementor_header_footer","meta":{"om_disable_all_campaigns":false,"_monsterinsights_skip_tracking":false,"_monsterinsights_sitenote_active":false,"_monsterinsights_sitenote_note":"","_monsterinsights_sitenote_category":0,"footnotes":""},"class_list":["post-43","page","type-page","status-publish","hentry"],"aioseo_notices":[],"_links":{"self":[{"href":"https:\/\/mgturismopa.com.br\/index.php?rest_route=\/wp\/v2\/pages\/43","targetHints":{"allow":["GET"]}}],"collection":[{"href":"https:\/\/mgturismopa.com.br\/index.php?rest_route=\/wp\/v2\/pages"}],"about":[{"href":"https:\/\/mgturismopa.com.br\/index.php?rest_route=\/wp\/v2\/types\/page"}],"author":[{"embeddable":true,"href":"https:\/\/mgturismopa.com.br\/index.php?rest_route=\/wp\/v2\/users\/1"}],"replies":[{"embeddable":true,"href":"https:\/\/mgturismopa.com.br\/index.php?rest_route=%2Fwp%2Fv2%2Fcomments&post=43"}],"version-history":[{"count":10,"href":"https:\/\/mgturismopa.com.br\/index.php?rest_route=\/wp\/v2\/pages\/43\/revisions"}],"predecessor-version":[{"id":202,"href":"https:\/\/mgturismopa.com.br\/index.php?rest_route=\/wp\/v2\/pages\/43\/revisions\/202"}],"wp:attachment":[{"href":"https:\/\/mgturismopa.com.br\/index.php?rest_route=%2Fwp%2Fv2%2Fmedia&parent=43"}],"curies":[{"name":"wp","href":"https:\/\/api.w.org\/{rel}","templated":true}]}}